{"id":88,"date":"2011-09-01T19:19:03","date_gmt":"2011-09-01T18:19:03","guid":{"rendered":"http:\/\/www.langagerie.com\/wordpress\/?page_id=88"},"modified":"2026-04-15T17:01:19","modified_gmt":"2026-04-15T16:01:19","slug":"domaines","status":"publish","type":"page","link":"https:\/\/www.langagerie.com\/fr\/domaines\/","title":{"rendered":"Domaines d&rsquo;intervention"},"content":{"rendered":"\n<p>\u00c9QUIPEMENTS et INSTRUMENTS M\u00c9DICAUX, pour le compte de fabricants de premier plan, essentiellement dans les domaines&nbsp;:<\/p>\n\n\n\n<ul class=\"wp-block-list\">\n<li><strong>cardiologie<\/strong><\/li>\n\n\n\n<li><strong>diab\u00e8te<\/strong><\/li>\n\n\n\n<li><strong>neurostimulation<\/strong><\/li>\n\n\n\n<li><strong>femtech<\/strong><\/li>\n<\/ul>\n\n\n\n<p>\u00c9TUDES CLINIQUES et MARKETING M\u00c9DICAL (<em>argumentaires de r\u00e9ponse aux objections, argumentaires de vente, supports visiteurs m\u00e9dicaux, applications en ligne<\/em>, <em>etc.<\/em>) sur des sujets tr\u00e8s divers&nbsp;:<\/p>\n\n\n\n<ul class=\"wp-block-list\">\n<li><strong>oncologie<\/strong><\/li>\n\n\n\n<li><strong>h\u00e9matologie<\/strong><\/li>\n\n\n\n<li><strong>diab\u00e8te<\/strong><\/li>\n\n\n\n<li><strong>sant\u00e9 f\u00e9minine<\/strong><\/li>\n<\/ul>\n\n\n\n<p>SANT\u00c9 PUBLIQUE ET ONG (directives, documents d&rsquo;orientation, documents internes, vulgarisation)&nbsp;:<\/p>\n\n\n\n<ul class=\"wp-block-list\">\n<li><strong>diab\u00e8te<\/strong><\/li>\n\n\n\n<li><strong>paludisme<\/strong><\/li>\n\n\n\n<li><strong>sida<\/strong><\/li>\n<\/ul>\n\n\n\n<p>DOMAINES INDUSTRIELS ET TECHNIQUES (<em>brochures, brochures technico-commerciales, campagnes publicitaires, communiqu\u00e9s de presse, manuels d\u2019utilisation, de programmation et d&rsquo;entretien, prospectus, sites Web, applis, etc.)&nbsp;:<\/em><\/p>\n\n\n\n<ul class=\"wp-block-list\">\n<li><strong>\u00e9lectronique grand public et industrielle<\/strong><\/li>\n\n\n\n<li><strong>sant\u00e9 et s\u00e9curit\u00e9 au travail<\/strong><\/li>\n\n\n\n<li><strong>environnement<\/strong><\/li>\n\n\n\n<li><strong>\u00e9nergie<\/strong><\/li>\n<\/ul>\n\n\n<div class=\"wp-block-image\">\n<figure class=\"aligncenter is-resized\"><img loading=\"lazy\" decoding=\"async\" width=\"418\" height=\"418\" src=\"https:\/\/www.langagerie.com\/wp-content\/uploads\/2019\/10\/love_200x200-01-01.png\" alt=\"\" class=\"wp-image-1636\" style=\"width:180px;height:180px\" srcset=\"https:\/\/www.langagerie.com\/wp-content\/uploads\/2019\/10\/love_200x200-01-01.png 418w, https:\/\/www.langagerie.com\/wp-content\/uploads\/2019\/10\/love_200x200-01-01-150x150.png 150w, https:\/\/www.langagerie.com\/wp-content\/uploads\/2019\/10\/love_200x200-01-01-300x300.png 300w, https:\/\/www.langagerie.com\/wp-content\/uploads\/2019\/10\/love_200x200-01-01-100x100.png 100w\" sizes=\"auto, (max-width: 418px) 100vw, 418px\" \/><\/figure>\n<\/div>","protected":false},"excerpt":{"rendered":"<p>\u00c9QUIPEMENTS et INSTRUMENTS M\u00c9DICAUX, pour le compte de fabricants de premier plan, essentiellement dans les domaines&nbsp;: \u00c9TUDES CLINIQUES et MARKETING M\u00c9DICAL (argumentaires de r\u00e9ponse aux objections, argumentaires de vente, supports visiteurs m\u00e9dicaux, applications en ligne, etc.) sur des sujets tr\u00e8s divers&nbsp;: SANT\u00c9 PUBLIQUE ET ONG (directives, documents d&rsquo;orientation, documents internes, vulgarisation)&nbsp;: DOMAINES INDUSTRIELS ET TECHNIQUES &hellip; <\/p>\n<p class=\"link-more\"><a href=\"https:\/\/www.langagerie.com\/fr\/domaines\/\" class=\"more-link\">Continuer la lecture<span class=\"screen-reader-text\"> de &laquo;&nbsp;Domaines d&rsquo;intervention&nbsp;&raquo;<\/span><\/a><\/p>\n","protected":false},"author":3,"featured_media":0,"parent":0,"menu_order":0,"comment_status":"closed","ping_status":"open","template":"","meta":{"_exactmetrics_skip_tracking":false,"_exactmetrics_sitenote_active":false,"_exactmetrics_sitenote_note":"","_exactmetrics_sitenote_category":0,"_uf_show_specific_survey":0,"_uf_disable_surveys":false,"footnotes":""},"class_list":["post-88","page","type-page","status-publish","hentry"],"_links":{"self":[{"href":"https:\/\/www.langagerie.com\/fr\/wp-json\/wp\/v2\/pages\/88","targetHints":{"allow":["GET"]}}],"collection":[{"href":"https:\/\/www.langagerie.com\/fr\/wp-json\/wp\/v2\/pages"}],"about":[{"href":"https:\/\/www.langagerie.com\/fr\/wp-json\/wp\/v2\/types\/page"}],"author":[{"embeddable":true,"href":"https:\/\/www.langagerie.com\/fr\/wp-json\/wp\/v2\/users\/3"}],"replies":[{"embeddable":true,"href":"https:\/\/www.langagerie.com\/fr\/wp-json\/wp\/v2\/comments?post=88"}],"version-history":[{"count":46,"href":"https:\/\/www.langagerie.com\/fr\/wp-json\/wp\/v2\/pages\/88\/revisions"}],"predecessor-version":[{"id":25953,"href":"https:\/\/www.langagerie.com\/fr\/wp-json\/wp\/v2\/pages\/88\/revisions\/25953"}],"wp:attachment":[{"href":"https:\/\/www.langagerie.com\/fr\/wp-json\/wp\/v2\/media?parent=88"}],"curies":[{"name":"wp","href":"https:\/\/api.w.org\/{rel}","templated":true}]}}